{"id":6086,"date":"2022-08-25T12:45:25","date_gmt":"2022-08-25T10:45:25","guid":{"rendered":"https:\/\/kd.allprint.fi\/?page_id=6086"},"modified":"2023-09-21T13:57:59","modified_gmt":"2023-09-21T11:57:59","slug":"tarjouspyynto-8","status":"publish","type":"page","link":"https:\/\/kd.allprint.fi\/index.php\/tarjouspyynto-8\/","title":{"rendered":"Tarjouspyynt\u00f6 8"},"content":{"rendered":"\t\t<div data-elementor-type=\"wp-page\" data-elementor-id=\"6086\" class=\"elementor elementor-6086\" data-elementor-post-type=\"page\">\n\t\t\t\t\t\t<section class=\"elementor-section elementor-top-section elementor-element elementor-element-7044eac elementor-section-boxed elementor-section-height-default elementor-section-height-default\" data-id=\"7044eac\" data-element_type=\"section\" data-e-type=\"section\">\n\t\t\t\t\t\t<div class=\"elementor-container elementor-column-gap-default\">\n\t\t\t\t\t<div class=\"elementor-column elementor-col-100 elementor-top-column elementor-element elementor-element-52da30c\" data-id=\"52da30c\" data-element_type=\"column\" data-e-type=\"column\">\n\t\t\t<div class=\"elementor-widget-wrap elementor-element-populated\">\n\t\t\t\t\t\t<div class=\"elementor-element elementor-element-e9e7aed elementor-widget elementor-widget-heading\" data-id=\"e9e7aed\" data-element_type=\"widget\" data-e-type=\"widget\" data-widget_type=\"heading.default\">\n\t\t\t\t<div class=\"elementor-widget-container\">\n\t\t\t\t\t<h1 class=\"elementor-heading-title elementor-size-default\">Tarjouspyynt\u00f6<\/h1>\t\t\t\t<\/div>\n\t\t\t\t<\/div>\n\t\t\t\t<div class=\"elementor-element elementor-element-b6b6067 elementor-widget elementor-widget-heading\" data-id=\"b6b6067\" data-element_type=\"widget\" data-e-type=\"widget\" data-widget_type=\"heading.default\">\n\t\t\t\t<div class=\"elementor-widget-container\">\n\t\t\t\t\t<h2 class=\"elementor-heading-title elementor-size-default\">Kuoripostitus<\/h2>\t\t\t\t<\/div>\n\t\t\t\t<\/div>\n\t\t\t\t\t<\/div>\n\t\t<\/div>\n\t\t\t\t\t<\/div>\n\t\t<\/section>\n\t\t\t\t<section class=\"elementor-section elementor-top-section elementor-element elementor-element-5e7c08c elementor-section-boxed elementor-section-height-default elementor-section-height-default\" data-id=\"5e7c08c\" data-element_type=\"section\" data-e-type=\"section\">\n\t\t\t\t\t\t<div class=\"elementor-container elementor-column-gap-default\">\n\t\t\t\t\t<div class=\"elementor-column elementor-col-100 elementor-top-column elementor-element elementor-element-2bb2efd\" data-id=\"2bb2efd\" data-element_type=\"column\" data-e-type=\"column\">\n\t\t\t<div class=\"elementor-widget-wrap elementor-element-populated\">\n\t\t\t\t\t\t<div class=\"elementor-element elementor-element-67f8263 elementor-button-align-stretch elementor-widget elementor-widget-form\" data-id=\"67f8263\" data-element_type=\"widget\" data-e-type=\"widget\" data-settings=\"{&quot;step_next_label&quot;:&quot;Next&quot;,&quot;step_previous_label&quot;:&quot;Previous&quot;,&quot;button_width&quot;:&quot;100&quot;,&quot;step_type&quot;:&quot;number_text&quot;,&quot;step_icon_shape&quot;:&quot;circle&quot;}\" data-widget_type=\"form.default\">\n\t\t\t\t<div class=\"elementor-widget-container\">\n\t\t\t\t\t\t\t<form class=\"elementor-form\" method=\"post\" name=\"New Form\" aria-label=\"New Form\">\n\t\t\t<input type=\"hidden\" name=\"post_id\" value=\"6086\"\/>\n\t\t\t<input type=\"hidden\" name=\"form_id\" value=\"67f8263\"\/>\n\t\t\t<input type=\"hidden\" name=\"referer_title\" value=\"kd.allprint.fi\" \/>\n\n\t\t\t\n\t\t\t<div class=\"elementor-form-fields-wrapper elementor-labels-above\">\n\t\t\t\t\t\t\t\t<div class=\"elementor-field-type-text elementor-field-group elementor-column elementor-field-group-name elementor-col-100\">\n\t\t\t\t\t\t\t\t\t\t\t\t<label for=\"form-field-name\" class=\"elementor-field-label\">\n\t\t\t\t\t\t\t\tAsiakas \/ Yritys\t\t\t\t\t\t\t<\/label>\n\t\t\t\t\t\t\t\t\t\t\t\t\t\t<input size=\"1\" type=\"text\" name=\"form_fields[name]\" id=\"form-field-name\" class=\"elementor-field elementor-size-sm  elementor-field-textual\">\n\t\t\t\t\t\t\t\t\t\t\t<\/div>\n\t\t\t\t\t\t\t\t<div class=\"elementor-field-type-text elementor-field-group elementor-column elementor-field-group-field_f8e3ad0 elementor-col-50\">\n\t\t\t\t\t\t\t\t\t\t\t\t<label for=\"form-field-field_f8e3ad0\" class=\"elementor-field-label\">\n\t\t\t\t\t\t\t\tEtunimi\t\t\t\t\t\t\t<\/label>\n\t\t\t\t\t\t\t\t\t\t\t\t\t\t<input size=\"1\" type=\"text\" name=\"form_fields[field_f8e3ad0]\" id=\"form-field-field_f8e3ad0\" class=\"elementor-field elementor-size-sm  elementor-field-textual\">\n\t\t\t\t\t\t\t\t\t\t\t<\/div>\n\t\t\t\t\t\t\t\t<div class=\"elementor-field-type-text elementor-field-group elementor-column elementor-field-group-field_0b69f78 elementor-col-50\">\n\t\t\t\t\t\t\t\t\t\t\t\t<label for=\"form-field-field_0b69f78\" class=\"elementor-field-label\">\n\t\t\t\t\t\t\t\tSukunimi\t\t\t\t\t\t\t<\/label>\n\t\t\t\t\t\t\t\t\t\t\t\t\t\t<input size=\"1\" type=\"text\" name=\"form_fields[field_0b69f78]\" id=\"form-field-field_0b69f78\" class=\"elementor-field elementor-size-sm  elementor-field-textual\">\n\t\t\t\t\t\t\t\t\t\t\t<\/div>\n\t\t\t\t\t\t\t\t<div class=\"elementor-field-type-text elementor-field-group elementor-column elementor-field-group-field_69cace7 elementor-col-50\">\n\t\t\t\t\t\t\t\t\t\t\t\t<label for=\"form-field-field_69cace7\" class=\"elementor-field-label\">\n\t\t\t\t\t\t\t\tPuhelin\t\t\t\t\t\t\t<\/label>\n\t\t\t\t\t\t\t\t\t\t\t\t\t\t<input size=\"1\" type=\"text\" name=\"form_fields[field_69cace7]\" id=\"form-field-field_69cace7\" class=\"elementor-field elementor-size-sm  elementor-field-textual\">\n\t\t\t\t\t\t\t\t\t\t\t<\/div>\n\t\t\t\t\t\t\t\t<div class=\"elementor-field-type-email elementor-field-group elementor-column elementor-field-group-email elementor-col-50 elementor-field-required\">\n\t\t\t\t\t\t\t\t\t\t\t\t<label for=\"form-field-email\" class=\"elementor-field-label\">\n\t\t\t\t\t\t\t\tS\u00e4hk\u00f6posti\t\t\t\t\t\t\t<\/label>\n\t\t\t\t\t\t\t\t\t\t\t\t\t\t<input size=\"1\" type=\"email\" name=\"form_fields[email]\" id=\"form-field-email\" class=\"elementor-field elementor-size-sm  elementor-field-textual\" required=\"required\">\n\t\t\t\t\t\t\t\t\t\t\t<\/div>\n\t\t\t\t\t\t\t\t<div class=\"elementor-field-type-text elementor-field-group elementor-column elementor-field-group-message elementor-col-30\">\n\t\t\t\t\t\t\t\t\t\t\t\t<label for=\"form-field-message\" class=\"elementor-field-label\">\n\t\t\t\t\t\t\t\tOsoite\t\t\t\t\t\t\t<\/label>\n\t\t\t\t\t\t\t\t\t\t\t\t\t\t<input size=\"1\" type=\"text\" name=\"form_fields[message]\" id=\"form-field-message\" class=\"elementor-field elementor-size-sm  elementor-field-textual\">\n\t\t\t\t\t\t\t\t\t\t\t<\/div>\n\t\t\t\t\t\t\t\t<div class=\"elementor-field-type-text elementor-field-group elementor-column elementor-field-group-field_b0bffa3 elementor-col-30\">\n\t\t\t\t\t\t\t\t\t\t\t\t<label for=\"form-field-field_b0bffa3\" class=\"elementor-field-label\">\n\t\t\t\t\t\t\t\tNumero\t\t\t\t\t\t\t<\/label>\n\t\t\t\t\t\t\t\t\t\t\t\t\t\t<input size=\"1\" type=\"text\" name=\"form_fields[field_b0bffa3]\" id=\"form-field-field_b0bffa3\" class=\"elementor-field elementor-size-sm  elementor-field-textual\">\n\t\t\t\t\t\t\t\t\t\t\t<\/div>\n\t\t\t\t\t\t\t\t<div class=\"elementor-field-type-text elementor-field-group elementor-column elementor-field-group-field_eb1684a elementor-col-20\">\n\t\t\t\t\t\t\t\t\t\t\t\t<label for=\"form-field-field_eb1684a\" class=\"elementor-field-label\">\n\t\t\t\t\t\t\t\tPostinumero\t\t\t\t\t\t\t<\/label>\n\t\t\t\t\t\t\t\t\t\t\t\t\t\t<input size=\"1\" type=\"text\" name=\"form_fields[field_eb1684a]\" id=\"form-field-field_eb1684a\" class=\"elementor-field elementor-size-sm  elementor-field-textual\">\n\t\t\t\t\t\t\t\t\t\t\t<\/div>\n\t\t\t\t\t\t\t\t<div class=\"elementor-field-type-text elementor-field-group elementor-column elementor-field-group-field_5ea1680 elementor-col-20\">\n\t\t\t\t\t\t\t\t\t\t\t\t<label for=\"form-field-field_5ea1680\" class=\"elementor-field-label\">\n\t\t\t\t\t\t\t\tKaupunki\t\t\t\t\t\t\t<\/label>\n\t\t\t\t\t\t\t\t\t\t\t\t\t\t<input size=\"1\" type=\"text\" name=\"form_fields[field_5ea1680]\" id=\"form-field-field_5ea1680\" class=\"elementor-field elementor-size-sm  elementor-field-textual\">\n\t\t\t\t\t\t\t\t\t\t\t<\/div>\n\t\t\t\t\t\t\t\t<div class=\"elementor-field-type-text elementor-field-group elementor-column elementor-field-group-field_190fad1 elementor-col-100\">\n\t\t\t\t\t\t\t\t\t\t\t\t<label for=\"form-field-field_190fad1\" class=\"elementor-field-label\">\n\t\t\t\t\t\t\t\tTy\u00f6n nimi\t\t\t\t\t\t\t<\/label>\n\t\t\t\t\t\t\t\t\t\t\t\t\t\t<input size=\"1\" type=\"text\" name=\"form_fields[field_190fad1]\" id=\"form-field-field_190fad1\" class=\"elementor-field elementor-size-sm  elementor-field-textual\">\n\t\t\t\t\t\t\t\t\t\t\t<\/div>\n\t\t\t\t\t\t\t\t<div class=\"elementor-field-type-text elementor-field-group elementor-column elementor-field-group-field_47cabe6 elementor-col-100\">\n\t\t\t\t\t\t\t\t\t\t\t\t<label for=\"form-field-field_47cabe6\" class=\"elementor-field-label\">\n\t\t\t\t\t\t\t\tM\u00e4\u00e4r\u00e4\t\t\t\t\t\t\t<\/label>\n\t\t\t\t\t\t\t\t\t\t\t\t\t\t<input size=\"1\" type=\"text\" name=\"form_fields[field_47cabe6]\" id=\"form-field-field_47cabe6\" class=\"elementor-field elementor-size-sm  elementor-field-textual\">\n\t\t\t\t\t\t\t\t\t\t\t<\/div>\n\t\t\t\t\t\t\t\t<div class=\"elementor-field-type-select elementor-field-group elementor-column elementor-field-group-field_374d3fe elementor-col-100\">\n\t\t\t\t\t\t\t\t\t\t\t\t<label for=\"form-field-field_374d3fe\" class=\"elementor-field-label\">\n\t\t\t\t\t\t\t\tKoko\t\t\t\t\t\t\t<\/label>\n\t\t\t\t\t\t\t\t<div class=\"elementor-field elementor-select-wrapper remove-before \">\n\t\t\t<div class=\"select-caret-down-wrapper\">\n\t\t\t\t<i aria-hidden=\"true\" class=\"eicon-caret-down\"><\/i>\t\t\t<\/div>\n\t\t\t<select name=\"form_fields[field_374d3fe]\" id=\"form-field-field_374d3fe\" class=\"elementor-field-textual elementor-size-sm\">\n\t\t\t\t\t\t\t\t\t<option value=\"Kuori C6\">Kuori C6<\/option>\n\t\t\t\t\t\t\t\t\t<option value=\"Kuori C65\">Kuori C65<\/option>\n\t\t\t\t\t\t\t\t\t<option value=\"Kuori C5\">Kuori C5<\/option>\n\t\t\t\t\t\t\t\t\t<option value=\"Kuori C4\">Kuori C4<\/option>\n\t\t\t\t\t\t\t\t\t<option value=\"Ikkunakuori C65\">Ikkunakuori C65<\/option>\n\t\t\t\t\t\t\t\t\t<option value=\"Ikkunakuori C5\">Ikkunakuori C5<\/option>\n\t\t\t\t\t\t\t\t\t<option value=\"Ikkunakuori C4\">Ikkunakuori C4<\/option>\n\t\t\t\t\t\t\t<\/select>\n\t\t<\/div>\n\t\t\t\t\t\t<\/div>\n\t\t\t\t\t\t\t\t<div class=\"elementor-field-type-select elementor-field-group elementor-column elementor-field-group-field_5728de3 elementor-col-100\">\n\t\t\t\t\t\t\t\t\t\t\t\t<label for=\"form-field-field_5728de3\" class=\"elementor-field-label\">\n\t\t\t\t\t\t\t\tV\u00e4rit\t\t\t\t\t\t\t<\/label>\n\t\t\t\t\t\t\t\t<div class=\"elementor-field elementor-select-wrapper remove-before \">\n\t\t\t<div class=\"select-caret-down-wrapper\">\n\t\t\t\t<i aria-hidden=\"true\" class=\"eicon-caret-down\"><\/i>\t\t\t<\/div>\n\t\t\t<select name=\"form_fields[field_5728de3]\" id=\"form-field-field_5728de3\" class=\"elementor-field-textual elementor-size-sm\">\n\t\t\t\t\t\t\t\t\t<option value=\"4\/0 cmyk\">4\/0 cmyk<\/option>\n\t\t\t\t\t\t\t\t\t<option value=\"4\/4 cmyk (l\u00e4pp\u00e4)\">4\/4 cmyk (l\u00e4pp\u00e4)<\/option>\n\t\t\t\t\t\t\t\t\t<option value=\"1\/0 musta\">1\/0 musta<\/option>\n\t\t\t\t\t\t\t\t\t<option value=\"1\/1 musta\">1\/1 musta<\/option>\n\t\t\t\t\t\t\t\t\t<option value=\"1\/0 PMS\">1\/0 PMS<\/option>\n\t\t\t\t\t\t\t\t\t<option value=\"1\/1 PMS\">1\/1 PMS<\/option>\n\t\t\t\t\t\t\t\t\t<option value=\"Ei painatusta\">Ei painatusta<\/option>\n\t\t\t\t\t\t\t<\/select>\n\t\t<\/div>\n\t\t\t\t\t\t<\/div>\n\t\t\t\t\t\t\t\t<div class=\"elementor-field-type-textarea elementor-field-group elementor-column elementor-field-group-field_4a7a1a8 elementor-col-100 elementor-field-required\">\n\t\t\t\t\t\t\t\t\t\t\t\t<label for=\"form-field-field_4a7a1a8\" class=\"elementor-field-label\">\n\t\t\t\t\t\t\t\tPostitettavan tuotteen kuvaus\t\t\t\t\t\t\t<\/label>\n\t\t\t\t\t\t<textarea class=\"elementor-field-textual elementor-field  elementor-size-sm\" name=\"form_fields[field_4a7a1a8]\" id=\"form-field-field_4a7a1a8\" rows=\"4\" placeholder=\"Kuoreen tulevat tuotteet\" required=\"required\"><\/textarea>\t\t\t\t<\/div>\n\t\t\t\t\t\t\t\t<div class=\"elementor-field-type-html elementor-field-group elementor-column elementor-field-group-field_b47457c elementor-col-100\">\n\t\t\t\t\t<strong>Muuta<\/strong>\t\t\t\t<\/div>\n\t\t\t\t\t\t\t\t<div class=\"elementor-field-type-date elementor-field-group elementor-column elementor-field-group-field_08f5690 elementor-col-100\">\n\t\t\t\t\t\t\t\t\t\t\t\t<label for=\"form-field-field_08f5690\" class=\"elementor-field-label\">\n\t\t\t\t\t\t\t\tAineisto painotalossa\t\t\t\t\t\t\t<\/label>\n\t\t\t\t\t\t\n\t\t<input type=\"date\" name=\"form_fields[field_08f5690]\" id=\"form-field-field_08f5690\" class=\"elementor-field elementor-size-sm  elementor-field-textual elementor-date-field\" placeholder=\"Aineisto painotalossa\" pattern=\"[0-9]{4}-[0-9]{2}-[0-9]{2}\">\n\t\t\t\t\t\t<\/div>\n\t\t\t\t\t\t\t\t<div class=\"elementor-field-type-date elementor-field-group elementor-column elementor-field-group-field_51f6f70 elementor-col-100\">\n\t\t\t\t\t\t\t\t\t\t\t\t<label for=\"form-field-field_51f6f70\" class=\"elementor-field-label\">\n\t\t\t\t\t\t\t\tValmistumisp\u00e4iv\u00e4\t\t\t\t\t\t\t<\/label>\n\t\t\t\t\t\t\n\t\t<input type=\"date\" name=\"form_fields[field_51f6f70]\" id=\"form-field-field_51f6f70\" class=\"elementor-field elementor-size-sm  elementor-field-textual elementor-date-field\" placeholder=\"Valmistumisp\u00e4iv\u00e4\" pattern=\"[0-9]{4}-[0-9]{2}-[0-9]{2}\">\n\t\t\t\t\t\t<\/div>\n\t\t\t\t\t\t\t\t<div class=\"elementor-field-type-checkbox elementor-field-group elementor-column elementor-field-group-field_6641330 elementor-col-100\">\n\t\t\t\t\t\t\t\t\t\t\t\t<label for=\"form-field-field_6641330\" class=\"elementor-field-label\">\n\t\t\t\t\t\t\t\tPostitus vaihtoehto\t\t\t\t\t\t\t<\/label>\n\t\t\t\t\t\t<div class=\"elementor-field-subgroup  \"><span class=\"elementor-field-option\"><input type=\"checkbox\" value=\"Asiakkaan sopimus numerolla\" id=\"form-field-field_6641330-0\" name=\"form_fields[field_6641330][]\"> <label for=\"form-field-field_6641330-0\">Asiakkaan sopimus numerolla<\/label><\/span><span class=\"elementor-field-option\"><input type=\"checkbox\" value=\"Postimaksulla\" id=\"form-field-field_6641330-1\" name=\"form_fields[field_6641330][]\"> <label for=\"form-field-field_6641330-1\">Postimaksulla<\/label><\/span><\/div>\t\t\t\t<\/div>\n\t\t\t\t\t\t\t\t<div class=\"elementor-field-group elementor-column elementor-field-type-submit elementor-col-100 e-form__buttons\">\n\t\t\t\t\t<button class=\"elementor-button elementor-size-sm\" type=\"submit\">\n\t\t\t\t\t\t<span class=\"elementor-button-content-wrapper\">\n\t\t\t\t\t\t\t\t\t\t\t\t\t\t\t\t\t\t\t\t\t\t<span class=\"elementor-button-text\">L\u00e4het\u00e4<\/span>\n\t\t\t\t\t\t\t\t\t\t\t\t\t<\/span>\n\t\t\t\t\t<\/button>\n\t\t\t\t<\/div>\n\t\t\t<\/div>\n\t\t<\/form>\n\t\t\t\t\t\t<\/div>\n\t\t\t\t<\/div>\n\t\t\t\t\t<\/div>\n\t\t<\/div>\n\t\t\t\t\t<\/div>\n\t\t<\/section>\n\t\t\t\t<\/div>\n\t\t","protected":false},"excerpt":{"rendered":"<p>Tarjouspyynt\u00f6 Kuoripostitus<\/p>\n","protected":false},"author":5,"featured_media":0,"parent":0,"menu_order":0,"comment_status":"closed","ping_status":"closed","template":"","meta":{"_acf_changed":false,"footnotes":""},"class_list":["post-6086","page","type-page","status-publish","hentry"],"acf":[],"yoast_head":"<!-- This site is optimized with the Yoast SEO plugin v27.4 - https:\/\/yoast.com\/product\/yoast-seo-wordpress\/ -->\n<title>Tarjouspyynt\u00f6 8 - kd.allprint.fi<\/title>\n<meta name=\"robots\" content=\"index, follow, max-snippet:-1, max-image-preview:large, max-video-preview:-1\" \/>\n<link rel=\"canonical\" href=\"https:\/\/kd.allprint.fi\/index.php\/tarjouspyynto-8\/\" \/>\n<meta property=\"og:locale\" content=\"fi_FI\" \/>\n<meta property=\"og:type\" content=\"article\" \/>\n<meta property=\"og:title\" content=\"Tarjouspyynt\u00f6 8 - kd.allprint.fi\" \/>\n<meta property=\"og:description\" content=\"Tarjouspyynt\u00f6 Kuoripostitus\" \/>\n<meta property=\"og:url\" content=\"https:\/\/kd.allprint.fi\/index.php\/tarjouspyynto-8\/\" \/>\n<meta property=\"og:site_name\" content=\"kd.allprint.fi\" \/>\n<meta property=\"article:modified_time\" content=\"2023-09-21T11:57:59+00:00\" \/>\n<meta name=\"twitter:card\" content=\"summary_large_image\" \/>\n<script type=\"application\/ld+json\" class=\"yoast-schema-graph\">{\"@context\":\"https:\\\/\\\/schema.org\",\"@graph\":[{\"@type\":\"WebPage\",\"@id\":\"https:\\\/\\\/kd.allprint.fi\\\/index.php\\\/tarjouspyynto-8\\\/\",\"url\":\"https:\\\/\\\/kd.allprint.fi\\\/index.php\\\/tarjouspyynto-8\\\/\",\"name\":\"Tarjouspyynt\u00f6 8 - kd.allprint.fi\",\"isPartOf\":{\"@id\":\"https:\\\/\\\/kd.allprint.fi\\\/#website\"},\"datePublished\":\"2022-08-25T10:45:25+00:00\",\"dateModified\":\"2023-09-21T11:57:59+00:00\",\"breadcrumb\":{\"@id\":\"https:\\\/\\\/kd.allprint.fi\\\/index.php\\\/tarjouspyynto-8\\\/#breadcrumb\"},\"inLanguage\":\"fi\",\"potentialAction\":[{\"@type\":\"ReadAction\",\"target\":[\"https:\\\/\\\/kd.allprint.fi\\\/index.php\\\/tarjouspyynto-8\\\/\"]}]},{\"@type\":\"BreadcrumbList\",\"@id\":\"https:\\\/\\\/kd.allprint.fi\\\/index.php\\\/tarjouspyynto-8\\\/#breadcrumb\",\"itemListElement\":[{\"@type\":\"ListItem\",\"position\":1,\"name\":\"Etusivu\",\"item\":\"https:\\\/\\\/kd.allprint.fi\\\/\"},{\"@type\":\"ListItem\",\"position\":2,\"name\":\"Tarjouspyynt\u00f6 8\"}]},{\"@type\":\"WebSite\",\"@id\":\"https:\\\/\\\/kd.allprint.fi\\\/#website\",\"url\":\"https:\\\/\\\/kd.allprint.fi\\\/\",\"name\":\"kd.allprint.fi\",\"description\":\"Meilt&auml; l&ouml;ytyy ratkaisu\",\"publisher\":{\"@id\":\"https:\\\/\\\/kd.allprint.fi\\\/#organization\"},\"potentialAction\":[{\"@type\":\"SearchAction\",\"target\":{\"@type\":\"EntryPoint\",\"urlTemplate\":\"https:\\\/\\\/kd.allprint.fi\\\/?s={search_term_string}\"},\"query-input\":{\"@type\":\"PropertyValueSpecification\",\"valueRequired\":true,\"valueName\":\"search_term_string\"}}],\"inLanguage\":\"fi\"},{\"@type\":\"Organization\",\"@id\":\"https:\\\/\\\/kd.allprint.fi\\\/#organization\",\"name\":\"kd.allprint.fi\",\"url\":\"https:\\\/\\\/kd.allprint.fi\\\/\",\"logo\":{\"@type\":\"ImageObject\",\"inLanguage\":\"fi\",\"@id\":\"https:\\\/\\\/kd.allprint.fi\\\/#\\\/schema\\\/logo\\\/image\\\/\",\"url\":\"\",\"contentUrl\":\"\",\"caption\":\"kd.allprint.fi\"},\"image\":{\"@id\":\"https:\\\/\\\/kd.allprint.fi\\\/#\\\/schema\\\/logo\\\/image\\\/\"}}]}<\/script>\n<!-- \/ Yoast SEO plugin. -->","yoast_head_json":{"title":"Tarjouspyynt\u00f6 8 - kd.allprint.fi","robots":{"index":"index","follow":"follow","max-snippet":"max-snippet:-1","max-image-preview":"max-image-preview:large","max-video-preview":"max-video-preview:-1"},"canonical":"https:\/\/kd.allprint.fi\/index.php\/tarjouspyynto-8\/","og_locale":"fi_FI","og_type":"article","og_title":"Tarjouspyynt\u00f6 8 - kd.allprint.fi","og_description":"Tarjouspyynt\u00f6 Kuoripostitus","og_url":"https:\/\/kd.allprint.fi\/index.php\/tarjouspyynto-8\/","og_site_name":"kd.allprint.fi","article_modified_time":"2023-09-21T11:57:59+00:00","twitter_card":"summary_large_image","schema":{"@context":"https:\/\/schema.org","@graph":[{"@type":"WebPage","@id":"https:\/\/kd.allprint.fi\/index.php\/tarjouspyynto-8\/","url":"https:\/\/kd.allprint.fi\/index.php\/tarjouspyynto-8\/","name":"Tarjouspyynt\u00f6 8 - kd.allprint.fi","isPartOf":{"@id":"https:\/\/kd.allprint.fi\/#website"},"datePublished":"2022-08-25T10:45:25+00:00","dateModified":"2023-09-21T11:57:59+00:00","breadcrumb":{"@id":"https:\/\/kd.allprint.fi\/index.php\/tarjouspyynto-8\/#breadcrumb"},"inLanguage":"fi","potentialAction":[{"@type":"ReadAction","target":["https:\/\/kd.allprint.fi\/index.php\/tarjouspyynto-8\/"]}]},{"@type":"BreadcrumbList","@id":"https:\/\/kd.allprint.fi\/index.php\/tarjouspyynto-8\/#breadcrumb","itemListElement":[{"@type":"ListItem","position":1,"name":"Etusivu","item":"https:\/\/kd.allprint.fi\/"},{"@type":"ListItem","position":2,"name":"Tarjouspyynt\u00f6 8"}]},{"@type":"WebSite","@id":"https:\/\/kd.allprint.fi\/#website","url":"https:\/\/kd.allprint.fi\/","name":"kd.allprint.fi","description":"Meilt&auml; l&ouml;ytyy ratkaisu","publisher":{"@id":"https:\/\/kd.allprint.fi\/#organization"},"potentialAction":[{"@type":"SearchAction","target":{"@type":"EntryPoint","urlTemplate":"https:\/\/kd.allprint.fi\/?s={search_term_string}"},"query-input":{"@type":"PropertyValueSpecification","valueRequired":true,"valueName":"search_term_string"}}],"inLanguage":"fi"},{"@type":"Organization","@id":"https:\/\/kd.allprint.fi\/#organization","name":"kd.allprint.fi","url":"https:\/\/kd.allprint.fi\/","logo":{"@type":"ImageObject","inLanguage":"fi","@id":"https:\/\/kd.allprint.fi\/#\/schema\/logo\/image\/","url":"","contentUrl":"","caption":"kd.allprint.fi"},"image":{"@id":"https:\/\/kd.allprint.fi\/#\/schema\/logo\/image\/"}}]}},"jetpack_sharing_enabled":true,"_links":{"self":[{"href":"https:\/\/kd.allprint.fi\/index.php\/wp-json\/wp\/v2\/pages\/6086","targetHints":{"allow":["GET"]}}],"collection":[{"href":"https:\/\/kd.allprint.fi\/index.php\/wp-json\/wp\/v2\/pages"}],"about":[{"href":"https:\/\/kd.allprint.fi\/index.php\/wp-json\/wp\/v2\/types\/page"}],"author":[{"embeddable":true,"href":"https:\/\/kd.allprint.fi\/index.php\/wp-json\/wp\/v2\/users\/5"}],"replies":[{"embeddable":true,"href":"https:\/\/kd.allprint.fi\/index.php\/wp-json\/wp\/v2\/comments?post=6086"}],"version-history":[{"count":0,"href":"https:\/\/kd.allprint.fi\/index.php\/wp-json\/wp\/v2\/pages\/6086\/revisions"}],"wp:attachment":[{"href":"https:\/\/kd.allprint.fi\/index.php\/wp-json\/wp\/v2\/media?parent=6086"}],"curies":[{"name":"wp","href":"https:\/\/api.w.org\/{rel}","templated":true}]}}