{"id":8056,"date":"2024-10-21T09:06:14","date_gmt":"2024-10-21T07:06:14","guid":{"rendered":"https:\/\/kd.allprint.fi\/?post_type=product&#038;p=8056"},"modified":"2025-03-11T10:20:17","modified_gmt":"2025-03-11T08:20:17","slug":"huppari-urban-hinta-alkaen-sis-alv","status":"publish","type":"product","link":"https:\/\/kd.allprint.fi\/index.php\/tuote\/huppari-urban-hinta-alkaen-sis-alv\/","title":{"rendered":"Huppari Urban"},"content":{"rendered":"<p><strong>Tuotenumero: 110108<\/strong><\/p>\n<p><strong>Kaksiv\u00e4rinen huppari<\/strong><\/p>\n<p>Kuvat tuotteissa on kuvituskuvia<\/p>\n<p><strong>Toimita painoaineistosi PDF muodossa<\/strong><\/p>\n<p>kaksinkertainen kangas,<br \/>\nkontrastiv\u00e4rinen s\u00e4\u00e4dett\u00e4v\u00e4 kiristysny\u00f6ri,<br \/>\nvahvistetut p\u00e4\u00e4llystetyt saumat kauluksessa<br \/>\nja kengurutyylinen tasku.<br \/>\n1&#215;1 elastaanijousti hihansuissa ja vy\u00f6t\u00e4r\u00f6nauhassa.<\/p>\n<p>Materiaali:<br \/>\n50% puuvillaa \/ 50% polyesteri\u00e4, 280 gsm harjattu fleece.<br \/>\nHeather grey 58: 55% puuvillaa \/ 40% polyesteri\u00e4 \/ 5% viskoosia.<\/p>\n<p><strong>Aine<\/strong><strong>iston valmistus painossa<br \/>\n<\/strong>Mik\u00e4li haluat aineiston valmistuksen niin toimita materiaalit:<br \/>\nLogot vektoroituina<br \/>\nTee tekstit ja ohjeet Word tekstin\u00e4<\/p>\n<p><img decoding=\"async\" class=\"mr-1 grey\" title=\"\u00c4l\u00e4 kuivapesua\" src=\"https:\/\/static.gorfactory.es\/images\/icons\/20220914110151_No%20lavar%20en%20seco.png\" alt=\"\u00c4l\u00e4 kuivapesua\" width=\"40\" height=\"40\" data-v-6089ed0a=\"\" data-v-2af75268=\"\" \/><img decoding=\"async\" class=\"mr-1 grey\" title=\"\u00c4l\u00e4 rumpukuivaa\" src=\"https:\/\/static.gorfactory.es\/images\/icons\/20220914110302_No%20secar%20en%20secadora.png\" alt=\"\u00c4l\u00e4 rumpukuivaa\" width=\"40\" height=\"40\" data-v-6089ed0a=\"\" data-v-2af75268=\"\" \/><img decoding=\"async\" class=\"mr-1 grey\" title=\"40\u00ba pesu max\" src=\"https:\/\/static.gorfactory.es\/images\/icons\/20221116171353_Lavar-40-max.png\" alt=\"40\u00ba pesu max\" width=\"40\" height=\"40\" data-v-6089ed0a=\"\" data-v-2af75268=\"\" \/><img loading=\"lazy\" decoding=\"async\" class=\"mr-1 grey\" title=\"\u00c4l\u00e4 valkaise\" src=\"https:\/\/static.gorfactory.es\/images\/icons\/20220914110315_No%20usar%20blanqueador.png\" alt=\"\u00c4l\u00e4 valkaise\" width=\"40\" height=\"40\" data-v-6089ed0a=\"\" data-v-2af75268=\"\" \/><img loading=\"lazy\" decoding=\"async\" class=\"mr-1 grey\" title=\"Silitys keskil\u00e4mp\u00f6tilassa (max. 150\u00ba)\" src=\"https:\/\/static.gorfactory.es\/images\/icons\/20221110105823_Planchar-Max%20150.png\" alt=\"Silitys keskil\u00e4mp\u00f6tilassa (max. 150\u00ba)\" width=\"40\" height=\"40\" data-v-6089ed0a=\"\" data-v-2af75268=\"\" \/><\/p>\n<p>&nbsp;<\/p>\n<table id=\"size_chart\" class=\"table table-responsive\" style=\"height: 292px;\" width=\"237\" cellspacing=\"0\" cellpadding=\"0\">\n<tbody>\n<tr>\n<th>Koko<\/th>\n<th><img decoding=\"async\" src=\"https:\/\/wordans-a1a5.kxcdn.com\/images\/wordans2010\/length.png\" alt=\"Length\" \/>\u00a0<label id=\"lengthLabel\">Pituus<\/label><\/th>\n<th><img decoding=\"async\" src=\"https:\/\/wordans-a1a5.kxcdn.com\/images\/wordans2010\/width.png\" alt=\"Width\" \/>\u00a0<label id=\"widthLabel\">Leveys<\/label><\/th>\n<\/tr>\n<tr>\n<td>XS<\/td>\n<td>65<\/td>\n<td>51<\/td>\n<\/tr>\n<tr>\n<td>S<\/td>\n<td>67<\/td>\n<td>54<\/td>\n<\/tr>\n<tr>\n<td>M<\/td>\n<td>69<\/td>\n<td>57<\/td>\n<\/tr>\n<tr>\n<td>L<\/td>\n<td>71<\/td>\n<td>60<\/td>\n<\/tr>\n<tr>\n<td>XL<\/td>\n<td>73<\/td>\n<td>63<\/td>\n<\/tr>\n<tr>\n<td>XXL<\/td>\n<td>75<\/td>\n<td>66<\/td>\n<\/tr>\n<tr>\n<td>3XL<\/td>\n<td>77<\/td>\n<td>69<\/td>\n<\/tr>\n<tr>\n<td>4XL<\/td>\n<td>78<\/td>\n<td>72<\/td>\n<\/tr>\n<\/tbody>\n<\/table>\n","protected":false},"excerpt":{"rendered":"<p>Tuotenumero: 110108 Kaksiv\u00e4rinen huppari Kuvat tuotteissa on kuvituskuvia Toimita painoaineistosi PDF muodossa kaksinkertainen kangas, kontrastiv\u00e4rinen s\u00e4\u00e4dett\u00e4v\u00e4 kiristysny\u00f6ri, vahvistetut p\u00e4\u00e4llystetyt saumat kauluksessa ja kengurutyylinen tasku. 1&#215;1 elastaanijousti hihansuissa ja vy\u00f6t\u00e4r\u00f6nauhassa. Materiaali: 50% puuvillaa \/ 50% polyesteri\u00e4, 280 gsm harjattu fleece. Heather grey 58: 55% puuvillaa \/ 40% polyesteri\u00e4 \/ 5% viskoosia. Aineiston valmistus painossa Mik\u00e4li haluat [&hellip;]<\/p>\n","protected":false},"featured_media":8075,"template":"","meta":{"_acf_changed":false},"product_brand":[],"product_cat":[147],"product_tag":[],"class_list":{"0":"post-8056","1":"product","2":"type-product","3":"status-publish","4":"has-post-thumbnail","6":"product_cat-vaatteet","7":"product_shipping_class-postipaketti","9":"first","10":"instock","11":"taxable","12":"shipping-taxable","13":"purchasable","14":"product-type-simple"},"acf":[],"yoast_head":"<!-- This site is optimized with the Yoast SEO plugin v27.4 - https:\/\/yoast.com\/product\/yoast-seo-wordpress\/ -->\n<title>Huppari Urban - kd.allprint.fi<\/title>\n<meta name=\"robots\" content=\"index, follow, max-snippet:-1, max-image-preview:large, max-video-preview:-1\" \/>\n<link rel=\"canonical\" href=\"https:\/\/kd.allprint.fi\/index.php\/tuote\/huppari-urban-hinta-alkaen-sis-alv\/\" \/>\n<meta property=\"og:locale\" content=\"fi_FI\" \/>\n<meta property=\"og:type\" content=\"article\" \/>\n<meta property=\"og:title\" content=\"Huppari Urban - kd.allprint.fi\" \/>\n<meta property=\"og:description\" content=\"Tuotenumero: 110108 Kaksiv\u00e4rinen huppari Kuvat tuotteissa on kuvituskuvia Toimita painoaineistosi PDF muodossa kaksinkertainen kangas, kontrastiv\u00e4rinen s\u00e4\u00e4dett\u00e4v\u00e4 kiristysny\u00f6ri, vahvistetut p\u00e4\u00e4llystetyt saumat kauluksessa ja kengurutyylinen tasku. 1&#215;1 elastaanijousti hihansuissa ja vy\u00f6t\u00e4r\u00f6nauhassa. Materiaali: 50% puuvillaa \/ 50% polyesteri\u00e4, 280 gsm harjattu fleece. Heather grey 58: 55% puuvillaa \/ 40% polyesteri\u00e4 \/ 5% viskoosia. Aineiston valmistus painossa Mik\u00e4li haluat [&hellip;]\" \/>\n<meta property=\"og:url\" content=\"https:\/\/kd.allprint.fi\/index.php\/tuote\/huppari-urban-hinta-alkaen-sis-alv\/\" \/>\n<meta property=\"og:site_name\" content=\"kd.allprint.fi\" \/>\n<meta property=\"article:modified_time\" content=\"2025-03-11T08:20:17+00:00\" \/>\n<meta property=\"og:image\" content=\"https:\/\/kd.allprint.fi\/wp-content\/uploads\/2024\/10\/front-urban-royal-blue-white.jpg\" \/>\n\t<meta property=\"og:image:width\" content=\"500\" \/>\n\t<meta property=\"og:image:height\" content=\"500\" \/>\n\t<meta property=\"og:image:type\" content=\"image\/jpeg\" \/>\n<meta name=\"twitter:card\" content=\"summary_large_image\" \/>\n<meta name=\"twitter:label1\" content=\"Arvioitu lukuaika\" \/>\n\t<meta name=\"twitter:data1\" content=\"3 minuuttia\" \/>\n<script type=\"application\/ld+json\" class=\"yoast-schema-graph\">{\"@context\":\"https:\\\/\\\/schema.org\",\"@graph\":[{\"@type\":\"WebPage\",\"@id\":\"https:\\\/\\\/kd.allprint.fi\\\/index.php\\\/tuote\\\/huppari-urban-hinta-alkaen-sis-alv\\\/\",\"url\":\"https:\\\/\\\/kd.allprint.fi\\\/index.php\\\/tuote\\\/huppari-urban-hinta-alkaen-sis-alv\\\/\",\"name\":\"Huppari Urban - kd.allprint.fi\",\"isPartOf\":{\"@id\":\"https:\\\/\\\/kd.allprint.fi\\\/#website\"},\"primaryImageOfPage\":{\"@id\":\"https:\\\/\\\/kd.allprint.fi\\\/index.php\\\/tuote\\\/huppari-urban-hinta-alkaen-sis-alv\\\/#primaryimage\"},\"image\":{\"@id\":\"https:\\\/\\\/kd.allprint.fi\\\/index.php\\\/tuote\\\/huppari-urban-hinta-alkaen-sis-alv\\\/#primaryimage\"},\"thumbnailUrl\":\"https:\\\/\\\/kd.allprint.fi\\\/wp-content\\\/uploads\\\/2024\\\/10\\\/front-urban-royal-blue-white.jpg\",\"datePublished\":\"2024-10-21T07:06:14+00:00\",\"dateModified\":\"2025-03-11T08:20:17+00:00\",\"breadcrumb\":{\"@id\":\"https:\\\/\\\/kd.allprint.fi\\\/index.php\\\/tuote\\\/huppari-urban-hinta-alkaen-sis-alv\\\/#breadcrumb\"},\"inLanguage\":\"fi\",\"potentialAction\":[{\"@type\":\"ReadAction\",\"target\":[\"https:\\\/\\\/kd.allprint.fi\\\/index.php\\\/tuote\\\/huppari-urban-hinta-alkaen-sis-alv\\\/\"]}]},{\"@type\":\"ImageObject\",\"inLanguage\":\"fi\",\"@id\":\"https:\\\/\\\/kd.allprint.fi\\\/index.php\\\/tuote\\\/huppari-urban-hinta-alkaen-sis-alv\\\/#primaryimage\",\"url\":\"https:\\\/\\\/kd.allprint.fi\\\/wp-content\\\/uploads\\\/2024\\\/10\\\/front-urban-royal-blue-white.jpg\",\"contentUrl\":\"https:\\\/\\\/kd.allprint.fi\\\/wp-content\\\/uploads\\\/2024\\\/10\\\/front-urban-royal-blue-white.jpg\",\"width\":500,\"height\":500},{\"@type\":\"BreadcrumbList\",\"@id\":\"https:\\\/\\\/kd.allprint.fi\\\/index.php\\\/tuote\\\/huppari-urban-hinta-alkaen-sis-alv\\\/#breadcrumb\",\"itemListElement\":[{\"@type\":\"ListItem\",\"position\":1,\"name\":\"Etusivu\",\"item\":\"https:\\\/\\\/kd.allprint.fi\\\/\"},{\"@type\":\"ListItem\",\"position\":2,\"name\":\"Tuotteet\",\"item\":\"https:\\\/\\\/kd.allprint.fi\\\/index.php\\\/shop\\\/\"},{\"@type\":\"ListItem\",\"position\":3,\"name\":\"Huppari Urban\"}]},{\"@type\":\"WebSite\",\"@id\":\"https:\\\/\\\/kd.allprint.fi\\\/#website\",\"url\":\"https:\\\/\\\/kd.allprint.fi\\\/\",\"name\":\"kd.allprint.fi\",\"description\":\"Meilt&auml; l&ouml;ytyy ratkaisu\",\"publisher\":{\"@id\":\"https:\\\/\\\/kd.allprint.fi\\\/#organization\"},\"potentialAction\":[{\"@type\":\"SearchAction\",\"target\":{\"@type\":\"EntryPoint\",\"urlTemplate\":\"https:\\\/\\\/kd.allprint.fi\\\/?s={search_term_string}\"},\"query-input\":{\"@type\":\"PropertyValueSpecification\",\"valueRequired\":true,\"valueName\":\"search_term_string\"}}],\"inLanguage\":\"fi\"},{\"@type\":\"Organization\",\"@id\":\"https:\\\/\\\/kd.allprint.fi\\\/#organization\",\"name\":\"kd.allprint.fi\",\"url\":\"https:\\\/\\\/kd.allprint.fi\\\/\",\"logo\":{\"@type\":\"ImageObject\",\"inLanguage\":\"fi\",\"@id\":\"https:\\\/\\\/kd.allprint.fi\\\/#\\\/schema\\\/logo\\\/image\\\/\",\"url\":\"\",\"contentUrl\":\"\",\"caption\":\"kd.allprint.fi\"},\"image\":{\"@id\":\"https:\\\/\\\/kd.allprint.fi\\\/#\\\/schema\\\/logo\\\/image\\\/\"}}]}<\/script>\n<!-- \/ Yoast SEO plugin. -->","yoast_head_json":{"title":"Huppari Urban - kd.allprint.fi","robots":{"index":"index","follow":"follow","max-snippet":"max-snippet:-1","max-image-preview":"max-image-preview:large","max-video-preview":"max-video-preview:-1"},"canonical":"https:\/\/kd.allprint.fi\/index.php\/tuote\/huppari-urban-hinta-alkaen-sis-alv\/","og_locale":"fi_FI","og_type":"article","og_title":"Huppari Urban - kd.allprint.fi","og_description":"Tuotenumero: 110108 Kaksiv\u00e4rinen huppari Kuvat tuotteissa on kuvituskuvia Toimita painoaineistosi PDF muodossa kaksinkertainen kangas, kontrastiv\u00e4rinen s\u00e4\u00e4dett\u00e4v\u00e4 kiristysny\u00f6ri, vahvistetut p\u00e4\u00e4llystetyt saumat kauluksessa ja kengurutyylinen tasku. 1&#215;1 elastaanijousti hihansuissa ja vy\u00f6t\u00e4r\u00f6nauhassa. Materiaali: 50% puuvillaa \/ 50% polyesteri\u00e4, 280 gsm harjattu fleece. Heather grey 58: 55% puuvillaa \/ 40% polyesteri\u00e4 \/ 5% viskoosia. Aineiston valmistus painossa Mik\u00e4li haluat [&hellip;]","og_url":"https:\/\/kd.allprint.fi\/index.php\/tuote\/huppari-urban-hinta-alkaen-sis-alv\/","og_site_name":"kd.allprint.fi","article_modified_time":"2025-03-11T08:20:17+00:00","og_image":[{"width":500,"height":500,"url":"https:\/\/kd.allprint.fi\/wp-content\/uploads\/2024\/10\/front-urban-royal-blue-white.jpg","type":"image\/jpeg"}],"twitter_card":"summary_large_image","twitter_misc":{"Arvioitu lukuaika":"3 minuuttia"},"schema":{"@context":"https:\/\/schema.org","@graph":[{"@type":"WebPage","@id":"https:\/\/kd.allprint.fi\/index.php\/tuote\/huppari-urban-hinta-alkaen-sis-alv\/","url":"https:\/\/kd.allprint.fi\/index.php\/tuote\/huppari-urban-hinta-alkaen-sis-alv\/","name":"Huppari Urban - kd.allprint.fi","isPartOf":{"@id":"https:\/\/kd.allprint.fi\/#website"},"primaryImageOfPage":{"@id":"https:\/\/kd.allprint.fi\/index.php\/tuote\/huppari-urban-hinta-alkaen-sis-alv\/#primaryimage"},"image":{"@id":"https:\/\/kd.allprint.fi\/index.php\/tuote\/huppari-urban-hinta-alkaen-sis-alv\/#primaryimage"},"thumbnailUrl":"https:\/\/kd.allprint.fi\/wp-content\/uploads\/2024\/10\/front-urban-royal-blue-white.jpg","datePublished":"2024-10-21T07:06:14+00:00","dateModified":"2025-03-11T08:20:17+00:00","breadcrumb":{"@id":"https:\/\/kd.allprint.fi\/index.php\/tuote\/huppari-urban-hinta-alkaen-sis-alv\/#breadcrumb"},"inLanguage":"fi","potentialAction":[{"@type":"ReadAction","target":["https:\/\/kd.allprint.fi\/index.php\/tuote\/huppari-urban-hinta-alkaen-sis-alv\/"]}]},{"@type":"ImageObject","inLanguage":"fi","@id":"https:\/\/kd.allprint.fi\/index.php\/tuote\/huppari-urban-hinta-alkaen-sis-alv\/#primaryimage","url":"https:\/\/kd.allprint.fi\/wp-content\/uploads\/2024\/10\/front-urban-royal-blue-white.jpg","contentUrl":"https:\/\/kd.allprint.fi\/wp-content\/uploads\/2024\/10\/front-urban-royal-blue-white.jpg","width":500,"height":500},{"@type":"BreadcrumbList","@id":"https:\/\/kd.allprint.fi\/index.php\/tuote\/huppari-urban-hinta-alkaen-sis-alv\/#breadcrumb","itemListElement":[{"@type":"ListItem","position":1,"name":"Etusivu","item":"https:\/\/kd.allprint.fi\/"},{"@type":"ListItem","position":2,"name":"Tuotteet","item":"https:\/\/kd.allprint.fi\/index.php\/shop\/"},{"@type":"ListItem","position":3,"name":"Huppari Urban"}]},{"@type":"WebSite","@id":"https:\/\/kd.allprint.fi\/#website","url":"https:\/\/kd.allprint.fi\/","name":"kd.allprint.fi","description":"Meilt&auml; l&ouml;ytyy ratkaisu","publisher":{"@id":"https:\/\/kd.allprint.fi\/#organization"},"potentialAction":[{"@type":"SearchAction","target":{"@type":"EntryPoint","urlTemplate":"https:\/\/kd.allprint.fi\/?s={search_term_string}"},"query-input":{"@type":"PropertyValueSpecification","valueRequired":true,"valueName":"search_term_string"}}],"inLanguage":"fi"},{"@type":"Organization","@id":"https:\/\/kd.allprint.fi\/#organization","name":"kd.allprint.fi","url":"https:\/\/kd.allprint.fi\/","logo":{"@type":"ImageObject","inLanguage":"fi","@id":"https:\/\/kd.allprint.fi\/#\/schema\/logo\/image\/","url":"","contentUrl":"","caption":"kd.allprint.fi"},"image":{"@id":"https:\/\/kd.allprint.fi\/#\/schema\/logo\/image\/"}}]}},"jetpack_sharing_enabled":true,"_links":{"self":[{"href":"https:\/\/kd.allprint.fi\/index.php\/wp-json\/wp\/v2\/product\/8056","targetHints":{"allow":["GET"]}}],"collection":[{"href":"https:\/\/kd.allprint.fi\/index.php\/wp-json\/wp\/v2\/product"}],"about":[{"href":"https:\/\/kd.allprint.fi\/index.php\/wp-json\/wp\/v2\/types\/product"}],"version-history":[{"count":0,"href":"https:\/\/kd.allprint.fi\/index.php\/wp-json\/wp\/v2\/product\/8056\/revisions"}],"wp:featuredmedia":[{"embeddable":true,"href":"https:\/\/kd.allprint.fi\/index.php\/wp-json\/wp\/v2\/media\/8075"}],"wp:attachment":[{"href":"https:\/\/kd.allprint.fi\/index.php\/wp-json\/wp\/v2\/media?parent=8056"}],"wp:term":[{"taxonomy":"product_brand","embeddable":true,"href":"https:\/\/kd.allprint.fi\/index.php\/wp-json\/wp\/v2\/product_brand?post=8056"},{"taxonomy":"product_cat","embeddable":true,"href":"https:\/\/kd.allprint.fi\/index.php\/wp-json\/wp\/v2\/product_cat?post=8056"},{"taxonomy":"product_tag","embeddable":true,"href":"https:\/\/kd.allprint.fi\/index.php\/wp-json\/wp\/v2\/product_tag?post=8056"}],"curies":[{"name":"wp","href":"https:\/\/api.w.org\/{rel}","templated":true}]}}